{"id":194,"date":"2021-05-06T10:59:02","date_gmt":"2021-05-06T08:59:02","guid":{"rendered":"https:\/\/www.maibaum.shop\/?page_id=194"},"modified":"2025-04-29T10:01:07","modified_gmt":"2025-04-29T08:01:07","slug":"angebot","status":"publish","type":"page","link":"https:\/\/www.maibaum.shop\/?page_id=194","title":{"rendered":"Presse"},"content":{"rendered":"<p>Sie haben Lust auf eine Kooperation mit uns. Dann melden Sie sich per <a href=\"mailto:presse@maibaum.shop\">E-Mail<\/a> bei uns.<\/p>\n<p><strong>2025:<\/strong><\/p>\n<ul>\n<li>WDR2 Interview<\/li>\n<li><a href=\"https:\/\/www.koeln.de\/koeln\/koelndetipps_hier_kriegen_sie_maibaeume_fuer_die_liebste_709084.html\" target=\"_blank\" rel=\"noopener\">koeln.de<\/a><\/li>\n<\/ul>\n<p><strong>2024<\/strong>:<\/p>\n<ul>\n<li style=\"list-style-type: none;\">\n<ul>\n<li>Radio K\u00f6ln Gewinnspiel<\/li>\n<li><a href=\"https:\/\/www.radiokoeln.de\/artikel\/alles-rund-ums-thema-maibaeume-1970291.html\">Radio k\u00f6ln<\/a><\/li>\n<li><a href=\"https:\/\/www.koeln.de\/koeln\/koelndetipps_hier_kriegen_sie_maibaeume_fuer_die_liebste_709084.html\" target=\"_blank\" rel=\"noopener\">koeln.de<\/a><\/li>\n<\/ul>\n<\/li>\n<\/ul>\n<p><strong>2022:<\/strong><\/p>\n<ul>\n<li style=\"list-style-type: none;\">\n<ul>\n<li>Gewinnspiel am 29.04.2021 bei Radio K\u00f6ln.<\/li>\n<li><a href=\"https:\/\/www.rundschau-online.de\/region\/koeln\/liebeserklaerung-per-bestellung-hier-koennen-koelner-jetzt-ihren-maibaum-kaufen-39658552\" target=\"_blank\" rel=\"noopener\">Rundschau online<\/a><\/li>\n<li><a href=\"https:\/\/www.koeln.de\/koeln\/koelndetipps_hier_kriegen_sie_maibaeume_fuer_die_liebste_709084.html\" target=\"_blank\" rel=\"noopener\">koeln.de<\/a><\/li>\n<li><a href=\"https:\/\/koeln.mitvergnuegen.com\/2022\/maibaum-brauch-maibaeume-kaufen\/\" target=\"_blank\" rel=\"noopener\">koeln.mitvergnuegen.com<\/a><\/li>\n<li><a href=\"https:\/\/www.ksta.de\/freizeit\/orte-und-tipps-wo-sie-2022-einen-maibaum-in-koeln-kaufen-koennen-23913868\" target=\"_blank\" rel=\"noopener\">ksta.de<\/a><\/li>\n<\/ul>\n<\/li>\n<\/ul>\n<p><strong>2021:<\/strong><\/p>\n<ul>\n<li>Gewinnspiel am 28.04.2021 bei Radio K\u00f6ln.<\/li>\n<li>Online <a href=\"https:\/\/www.ksta.de\/freizeit\/vorbestellen-noch-moeglich-6-tipps-wo-sie-in-koeln-auch-2021-einen-maibaum-bekommen-23913868\">Artikel1<\/a> &amp; <a href=\"https:\/\/www.ksta.de\/koeln\/trotz-ausgangssperre-maibaum-stellen-in-koeln----das-ist-erlaubt--das-nicht-38339360\" target=\"_blank\" rel=\"noopener\">Artikel2<\/a> im K\u00f6lner Stadtanzeiger.<\/li>\n<\/ul>\n<p><strong>2019:<\/strong><\/p>\n<ul>\n<li>Online Artikel im K\u00f6lner Stadtanzeiger.<\/li>\n<\/ul>\n","protected":false},"excerpt":{"rendered":"<p>Sie haben Lust auf eine Kooperation mit uns. Dann melden Sie sich per E-Mail bei uns. 2025: WDR2 Interview koeln.de 2024: Radio K\u00f6ln Gewinnspiel Radio k\u00f6ln koeln.de 2022: Gewinnspiel am 29.04.2021 bei Radio K\u00f6ln. Rundschau online koeln.de koeln.mitvergnuegen.com ksta.de 2021: Gewinnspiel am 28.04.2021 bei Radio K\u00f6ln. Online Artikel1 &amp; Artikel2 im K\u00f6lner Stadtanzeiger. 2019: Online&hellip;&nbsp;<a href=\"https:\/\/www.maibaum.shop\/?page_id=194\" class=\"\" rel=\"bookmark\">Weiterlesen &raquo;<span class=\"screen-reader-text\">Presse<\/span><\/a><\/p>\n","protected":false},"author":1,"featured_media":0,"parent":0,"menu_order":0,"comment_status":"closed","ping_status":"closed","template":"","meta":{"neve_meta_sidebar":"","neve_meta_container":"","neve_meta_enable_content_width":"","neve_meta_content_width":0,"neve_meta_title_alignment":"","neve_meta_author_avatar":"","neve_post_elements_order":"","neve_meta_disable_header":"","neve_meta_disable_footer":"","neve_meta_disable_title":"","_themeisle_gutenberg_block_has_review":false,"_ti_tpc_template_sync":false,"_ti_tpc_template_id":"","footnotes":""},"class_list":["post-194","page","type-page","status-publish","hentry"],"yoast_head":"<!-- This site is optimized with the Yoast SEO plugin v22.4 - https:\/\/yoast.com\/wordpress\/plugins\/seo\/ -->\n<title>Presse - Maibaum.shop<\/title>\n<meta name=\"robots\" content=\"index, follow, max-snippet:-1, max-image-preview:large, max-video-preview:-1\" \/>\n<link rel=\"canonical\" href=\"https:\/\/www.maibaum.shop\/?page_id=194\" \/>\n<meta property=\"og:locale\" content=\"de_DE\" \/>\n<meta property=\"og:type\" content=\"article\" \/>\n<meta property=\"og:title\" content=\"Presse - Maibaum.shop\" \/>\n<meta property=\"og:description\" content=\"Sie haben Lust auf eine Kooperation mit uns. Dann melden Sie sich per E-Mail bei uns. 2025: WDR2 Interview koeln.de 2024: Radio K\u00f6ln Gewinnspiel Radio k\u00f6ln koeln.de 2022: Gewinnspiel am 29.04.2021 bei Radio K\u00f6ln. Rundschau online koeln.de koeln.mitvergnuegen.com ksta.de 2021: Gewinnspiel am 28.04.2021 bei Radio K\u00f6ln. Online Artikel1 &amp; Artikel2 im K\u00f6lner Stadtanzeiger. 2019: Online&hellip;&nbsp;Weiterlesen &raquo;Presse\" \/>\n<meta property=\"og:url\" content=\"https:\/\/www.maibaum.shop\/?page_id=194\" \/>\n<meta property=\"og:site_name\" content=\"Maibaum.shop\" \/>\n<meta property=\"article:modified_time\" content=\"2025-04-29T08:01:07+00:00\" \/>\n<meta name=\"twitter:card\" content=\"summary_large_image\" \/>\n<meta name=\"twitter:label1\" content=\"Gesch\u00e4tzte Lesezeit\" \/>\n\t<meta name=\"twitter:data1\" content=\"1\u00a0Minute\" \/>\n<script type=\"application\/ld+json\" class=\"yoast-schema-graph\">{\"@context\":\"https:\/\/schema.org\",\"@graph\":[{\"@type\":\"WebPage\",\"@id\":\"https:\/\/www.maibaum.shop\/?page_id=194\",\"url\":\"https:\/\/www.maibaum.shop\/?page_id=194\",\"name\":\"Presse - Maibaum.shop\",\"isPartOf\":{\"@id\":\"https:\/\/www.maibaum.shop\/#website\"},\"datePublished\":\"2021-05-06T08:59:02+00:00\",\"dateModified\":\"2025-04-29T08:01:07+00:00\",\"breadcrumb\":{\"@id\":\"https:\/\/www.maibaum.shop\/?page_id=194#breadcrumb\"},\"inLanguage\":\"de\",\"potentialAction\":[{\"@type\":\"ReadAction\",\"target\":[\"https:\/\/www.maibaum.shop\/?page_id=194\"]}]},{\"@type\":\"BreadcrumbList\",\"@id\":\"https:\/\/www.maibaum.shop\/?page_id=194#breadcrumb\",\"itemListElement\":[{\"@type\":\"ListItem\",\"position\":1,\"name\":\"Startseite\",\"item\":\"https:\/\/www.maibaum.shop\/\"},{\"@type\":\"ListItem\",\"position\":2,\"name\":\"Presse\"}]},{\"@type\":\"WebSite\",\"@id\":\"https:\/\/www.maibaum.shop\/#website\",\"url\":\"https:\/\/www.maibaum.shop\/\",\"name\":\"Maibaum.shop\",\"description\":\"Maibaum kaufen in K\u00f6ln 2024\",\"publisher\":{\"@id\":\"https:\/\/www.maibaum.shop\/#organization\"},\"potentialAction\":[{\"@type\":\"SearchAction\",\"target\":{\"@type\":\"EntryPoint\",\"urlTemplate\":\"https:\/\/www.maibaum.shop\/?s={search_term_string}\"},\"query-input\":\"required name=search_term_string\"}],\"inLanguage\":\"de\"},{\"@type\":\"Organization\",\"@id\":\"https:\/\/www.maibaum.shop\/#organization\",\"name\":\"Maibaum.shop\",\"url\":\"https:\/\/www.maibaum.shop\/\",\"logo\":{\"@type\":\"ImageObject\",\"inLanguage\":\"de\",\"@id\":\"https:\/\/www.maibaum.shop\/#\/schema\/logo\/image\/\",\"url\":\"https:\/\/www.maibaum.shop\/wp-content\/uploads\/IMGP7043-scaled.jpg\",\"contentUrl\":\"https:\/\/www.maibaum.shop\/wp-content\/uploads\/IMGP7043-scaled.jpg\",\"width\":1920,\"height\":2560,\"caption\":\"Maibaum.shop\"},\"image\":{\"@id\":\"https:\/\/www.maibaum.shop\/#\/schema\/logo\/image\/\"},\"sameAs\":[\"https:\/\/www.instagram.com\/maibaum.shop\/?hl=de\"]}]}<\/script>\n<!-- \/ Yoast SEO plugin. -->","yoast_head_json":{"title":"Presse - Maibaum.shop","robots":{"index":"index","follow":"follow","max-snippet":"max-snippet:-1","max-image-preview":"max-image-preview:large","max-video-preview":"max-video-preview:-1"},"canonical":"https:\/\/www.maibaum.shop\/?page_id=194","og_locale":"de_DE","og_type":"article","og_title":"Presse - Maibaum.shop","og_description":"Sie haben Lust auf eine Kooperation mit uns. Dann melden Sie sich per E-Mail bei uns. 2025: WDR2 Interview koeln.de 2024: Radio K\u00f6ln Gewinnspiel Radio k\u00f6ln koeln.de 2022: Gewinnspiel am 29.04.2021 bei Radio K\u00f6ln. Rundschau online koeln.de koeln.mitvergnuegen.com ksta.de 2021: Gewinnspiel am 28.04.2021 bei Radio K\u00f6ln. Online Artikel1 &amp; Artikel2 im K\u00f6lner Stadtanzeiger. 2019: Online&hellip;&nbsp;Weiterlesen &raquo;Presse","og_url":"https:\/\/www.maibaum.shop\/?page_id=194","og_site_name":"Maibaum.shop","article_modified_time":"2025-04-29T08:01:07+00:00","twitter_card":"summary_large_image","twitter_misc":{"Gesch\u00e4tzte Lesezeit":"1\u00a0Minute"},"schema":{"@context":"https:\/\/schema.org","@graph":[{"@type":"WebPage","@id":"https:\/\/www.maibaum.shop\/?page_id=194","url":"https:\/\/www.maibaum.shop\/?page_id=194","name":"Presse - Maibaum.shop","isPartOf":{"@id":"https:\/\/www.maibaum.shop\/#website"},"datePublished":"2021-05-06T08:59:02+00:00","dateModified":"2025-04-29T08:01:07+00:00","breadcrumb":{"@id":"https:\/\/www.maibaum.shop\/?page_id=194#breadcrumb"},"inLanguage":"de","potentialAction":[{"@type":"ReadAction","target":["https:\/\/www.maibaum.shop\/?page_id=194"]}]},{"@type":"BreadcrumbList","@id":"https:\/\/www.maibaum.shop\/?page_id=194#breadcrumb","itemListElement":[{"@type":"ListItem","position":1,"name":"Startseite","item":"https:\/\/www.maibaum.shop\/"},{"@type":"ListItem","position":2,"name":"Presse"}]},{"@type":"WebSite","@id":"https:\/\/www.maibaum.shop\/#website","url":"https:\/\/www.maibaum.shop\/","name":"Maibaum.shop","description":"Maibaum kaufen in K\u00f6ln 2024","publisher":{"@id":"https:\/\/www.maibaum.shop\/#organization"},"potentialAction":[{"@type":"SearchAction","target":{"@type":"EntryPoint","urlTemplate":"https:\/\/www.maibaum.shop\/?s={search_term_string}"},"query-input":"required name=search_term_string"}],"inLanguage":"de"},{"@type":"Organization","@id":"https:\/\/www.maibaum.shop\/#organization","name":"Maibaum.shop","url":"https:\/\/www.maibaum.shop\/","logo":{"@type":"ImageObject","inLanguage":"de","@id":"https:\/\/www.maibaum.shop\/#\/schema\/logo\/image\/","url":"https:\/\/www.maibaum.shop\/wp-content\/uploads\/IMGP7043-scaled.jpg","contentUrl":"https:\/\/www.maibaum.shop\/wp-content\/uploads\/IMGP7043-scaled.jpg","width":1920,"height":2560,"caption":"Maibaum.shop"},"image":{"@id":"https:\/\/www.maibaum.shop\/#\/schema\/logo\/image\/"},"sameAs":["https:\/\/www.instagram.com\/maibaum.shop\/?hl=de"]}]}},"_links":{"self":[{"href":"https:\/\/www.maibaum.shop\/index.php?rest_route=\/wp\/v2\/pages\/194","targetHints":{"allow":["GET"]}}],"collection":[{"href":"https:\/\/www.maibaum.shop\/index.php?rest_route=\/wp\/v2\/pages"}],"about":[{"href":"https:\/\/www.maibaum.shop\/index.php?rest_route=\/wp\/v2\/types\/page"}],"author":[{"embeddable":true,"href":"https:\/\/www.maibaum.shop\/index.php?rest_route=\/wp\/v2\/users\/1"}],"replies":[{"embeddable":true,"href":"https:\/\/www.maibaum.shop\/index.php?rest_route=%2Fwp%2Fv2%2Fcomments&post=194"}],"version-history":[{"count":8,"href":"https:\/\/www.maibaum.shop\/index.php?rest_route=\/wp\/v2\/pages\/194\/revisions"}],"predecessor-version":[{"id":600,"href":"https:\/\/www.maibaum.shop\/index.php?rest_route=\/wp\/v2\/pages\/194\/revisions\/600"}],"wp:attachment":[{"href":"https:\/\/www.maibaum.shop\/index.php?rest_route=%2Fwp%2Fv2%2Fmedia&parent=194"}],"curies":[{"name":"wp","href":"https:\/\/api.w.org\/{rel}","templated":true}]}}