{"id":41,"date":"2021-03-27T19:38:14","date_gmt":"2021-03-27T18:38:14","guid":{"rendered":"https:\/\/www.maibaum.shop\/?page_id=41"},"modified":"2022-03-02T17:57:44","modified_gmt":"2022-03-02T16:57:44","slug":"liefergebiet","status":"publish","type":"page","link":"https:\/\/www.maibaum.shop\/?page_id=41","title":{"rendered":"Liefergebiet"},"content":{"rendered":"<p>Wir liefern im gesamten K\u00f6lner Stadtgebiet am 30.04.<\/p>\n<p>&nbsp;<\/p>\n<p>&nbsp;<br \/>\n<iframe loading=\"lazy\" width=\"425\" height=\"350\" frameborder=\"0\" scrolling=\"no\" marginheight=\"0\" marginwidth=\"0\" src=\"https:\/\/www.openstreetmap.org\/export\/embed.html?bbox=6.50665283203125%2C50.764259357116465%2C7.413024902343751%2C51.12938401413808&amp;layer=mapnik&amp;marker=50.94718017805741%2C6.9598388671875\" style=\"border: 1px solid black\"><\/iframe><br \/><small><a href=\"https:\/\/www.openstreetmap.org\/?mlat=50.9472&amp;mlon=6.9598#map=11\/50.9472\/6.9598\">Gr\u00f6\u00dfere Karte anzeigen<\/a><\/small><\/p>\n","protected":false},"excerpt":{"rendered":"<p>Wir liefern im gesamten K\u00f6lner Stadtgebiet am 30.04. &nbsp; &nbsp; Gr\u00f6\u00dfere Karte anzeigen<\/p>\n","protected":false},"author":1,"featured_media":0,"parent":0,"menu_order":0,"comment_status":"closed","ping_status":"closed","template":"","meta":{"neve_meta_sidebar":"","neve_meta_container":"","neve_meta_enable_content_width":"","neve_meta_content_width":0,"neve_meta_title_alignment":"","neve_meta_author_avatar":"","neve_post_elements_order":"","neve_meta_disable_header":"","neve_meta_disable_footer":"","neve_meta_disable_title":"","_themeisle_gutenberg_block_has_review":false,"_ti_tpc_template_sync":false,"_ti_tpc_template_id":"","footnotes":""},"class_list":["post-41","page","type-page","status-publish","hentry"],"yoast_head":"<!-- This site is optimized with the Yoast SEO plugin v22.4 - https:\/\/yoast.com\/wordpress\/plugins\/seo\/ -->\n<title>Liefergebiet - Maibaum.shop<\/title>\n<meta name=\"robots\" content=\"index, follow, max-snippet:-1, max-image-preview:large, max-video-preview:-1\" \/>\n<link rel=\"canonical\" href=\"https:\/\/www.maibaum.shop\/?page_id=41\" \/>\n<meta property=\"og:locale\" content=\"de_DE\" \/>\n<meta property=\"og:type\" content=\"article\" \/>\n<meta property=\"og:title\" content=\"Liefergebiet - Maibaum.shop\" \/>\n<meta property=\"og:description\" content=\"Wir liefern im gesamten K\u00f6lner Stadtgebiet am 30.04. &nbsp; &nbsp; Gr\u00f6\u00dfere Karte anzeigen\" \/>\n<meta property=\"og:url\" content=\"https:\/\/www.maibaum.shop\/?page_id=41\" \/>\n<meta property=\"og:site_name\" content=\"Maibaum.shop\" \/>\n<meta property=\"article:modified_time\" content=\"2022-03-02T16:57:44+00:00\" \/>\n<meta name=\"twitter:card\" content=\"summary_large_image\" \/>\n<script type=\"application\/ld+json\" class=\"yoast-schema-graph\">{\"@context\":\"https:\/\/schema.org\",\"@graph\":[{\"@type\":\"WebPage\",\"@id\":\"https:\/\/www.maibaum.shop\/?page_id=41\",\"url\":\"https:\/\/www.maibaum.shop\/?page_id=41\",\"name\":\"Liefergebiet - Maibaum.shop\",\"isPartOf\":{\"@id\":\"https:\/\/www.maibaum.shop\/#website\"},\"datePublished\":\"2021-03-27T18:38:14+00:00\",\"dateModified\":\"2022-03-02T16:57:44+00:00\",\"breadcrumb\":{\"@id\":\"https:\/\/www.maibaum.shop\/?page_id=41#breadcrumb\"},\"inLanguage\":\"de\",\"potentialAction\":[{\"@type\":\"ReadAction\",\"target\":[\"https:\/\/www.maibaum.shop\/?page_id=41\"]}]},{\"@type\":\"BreadcrumbList\",\"@id\":\"https:\/\/www.maibaum.shop\/?page_id=41#breadcrumb\",\"itemListElement\":[{\"@type\":\"ListItem\",\"position\":1,\"name\":\"Startseite\",\"item\":\"https:\/\/www.maibaum.shop\/\"},{\"@type\":\"ListItem\",\"position\":2,\"name\":\"Liefergebiet\"}]},{\"@type\":\"WebSite\",\"@id\":\"https:\/\/www.maibaum.shop\/#website\",\"url\":\"https:\/\/www.maibaum.shop\/\",\"name\":\"Maibaum.shop\",\"description\":\"Maibaum kaufen in K\u00f6ln 2024\",\"publisher\":{\"@id\":\"https:\/\/www.maibaum.shop\/#organization\"},\"potentialAction\":[{\"@type\":\"SearchAction\",\"target\":{\"@type\":\"EntryPoint\",\"urlTemplate\":\"https:\/\/www.maibaum.shop\/?s={search_term_string}\"},\"query-input\":\"required name=search_term_string\"}],\"inLanguage\":\"de\"},{\"@type\":\"Organization\",\"@id\":\"https:\/\/www.maibaum.shop\/#organization\",\"name\":\"Maibaum.shop\",\"url\":\"https:\/\/www.maibaum.shop\/\",\"logo\":{\"@type\":\"ImageObject\",\"inLanguage\":\"de\",\"@id\":\"https:\/\/www.maibaum.shop\/#\/schema\/logo\/image\/\",\"url\":\"https:\/\/www.maibaum.shop\/wp-content\/uploads\/IMGP7043-scaled.jpg\",\"contentUrl\":\"https:\/\/www.maibaum.shop\/wp-content\/uploads\/IMGP7043-scaled.jpg\",\"width\":1920,\"height\":2560,\"caption\":\"Maibaum.shop\"},\"image\":{\"@id\":\"https:\/\/www.maibaum.shop\/#\/schema\/logo\/image\/\"},\"sameAs\":[\"https:\/\/www.instagram.com\/maibaum.shop\/?hl=de\"]}]}<\/script>\n<!-- \/ Yoast SEO plugin. -->","yoast_head_json":{"title":"Liefergebiet - Maibaum.shop","robots":{"index":"index","follow":"follow","max-snippet":"max-snippet:-1","max-image-preview":"max-image-preview:large","max-video-preview":"max-video-preview:-1"},"canonical":"https:\/\/www.maibaum.shop\/?page_id=41","og_locale":"de_DE","og_type":"article","og_title":"Liefergebiet - Maibaum.shop","og_description":"Wir liefern im gesamten K\u00f6lner Stadtgebiet am 30.04. &nbsp; &nbsp; Gr\u00f6\u00dfere Karte anzeigen","og_url":"https:\/\/www.maibaum.shop\/?page_id=41","og_site_name":"Maibaum.shop","article_modified_time":"2022-03-02T16:57:44+00:00","twitter_card":"summary_large_image","schema":{"@context":"https:\/\/schema.org","@graph":[{"@type":"WebPage","@id":"https:\/\/www.maibaum.shop\/?page_id=41","url":"https:\/\/www.maibaum.shop\/?page_id=41","name":"Liefergebiet - Maibaum.shop","isPartOf":{"@id":"https:\/\/www.maibaum.shop\/#website"},"datePublished":"2021-03-27T18:38:14+00:00","dateModified":"2022-03-02T16:57:44+00:00","breadcrumb":{"@id":"https:\/\/www.maibaum.shop\/?page_id=41#breadcrumb"},"inLanguage":"de","potentialAction":[{"@type":"ReadAction","target":["https:\/\/www.maibaum.shop\/?page_id=41"]}]},{"@type":"BreadcrumbList","@id":"https:\/\/www.maibaum.shop\/?page_id=41#breadcrumb","itemListElement":[{"@type":"ListItem","position":1,"name":"Startseite","item":"https:\/\/www.maibaum.shop\/"},{"@type":"ListItem","position":2,"name":"Liefergebiet"}]},{"@type":"WebSite","@id":"https:\/\/www.maibaum.shop\/#website","url":"https:\/\/www.maibaum.shop\/","name":"Maibaum.shop","description":"Maibaum kaufen in K\u00f6ln 2024","publisher":{"@id":"https:\/\/www.maibaum.shop\/#organization"},"potentialAction":[{"@type":"SearchAction","target":{"@type":"EntryPoint","urlTemplate":"https:\/\/www.maibaum.shop\/?s={search_term_string}"},"query-input":"required name=search_term_string"}],"inLanguage":"de"},{"@type":"Organization","@id":"https:\/\/www.maibaum.shop\/#organization","name":"Maibaum.shop","url":"https:\/\/www.maibaum.shop\/","logo":{"@type":"ImageObject","inLanguage":"de","@id":"https:\/\/www.maibaum.shop\/#\/schema\/logo\/image\/","url":"https:\/\/www.maibaum.shop\/wp-content\/uploads\/IMGP7043-scaled.jpg","contentUrl":"https:\/\/www.maibaum.shop\/wp-content\/uploads\/IMGP7043-scaled.jpg","width":1920,"height":2560,"caption":"Maibaum.shop"},"image":{"@id":"https:\/\/www.maibaum.shop\/#\/schema\/logo\/image\/"},"sameAs":["https:\/\/www.instagram.com\/maibaum.shop\/?hl=de"]}]}},"_links":{"self":[{"href":"https:\/\/www.maibaum.shop\/index.php?rest_route=\/wp\/v2\/pages\/41","targetHints":{"allow":["GET"]}}],"collection":[{"href":"https:\/\/www.maibaum.shop\/index.php?rest_route=\/wp\/v2\/pages"}],"about":[{"href":"https:\/\/www.maibaum.shop\/index.php?rest_route=\/wp\/v2\/types\/page"}],"author":[{"embeddable":true,"href":"https:\/\/www.maibaum.shop\/index.php?rest_route=\/wp\/v2\/users\/1"}],"replies":[{"embeddable":true,"href":"https:\/\/www.maibaum.shop\/index.php?rest_route=%2Fwp%2Fv2%2Fcomments&post=41"}],"version-history":[{"count":4,"href":"https:\/\/www.maibaum.shop\/index.php?rest_route=\/wp\/v2\/pages\/41\/revisions"}],"predecessor-version":[{"id":237,"href":"https:\/\/www.maibaum.shop\/index.php?rest_route=\/wp\/v2\/pages\/41\/revisions\/237"}],"wp:attachment":[{"href":"https:\/\/www.maibaum.shop\/index.php?rest_route=%2Fwp%2Fv2%2Fmedia&parent=41"}],"curies":[{"name":"wp","href":"https:\/\/api.w.org\/{rel}","templated":true}]}}