{"id":43,"date":"2021-03-27T19:39:26","date_gmt":"2021-03-27T18:39:26","guid":{"rendered":"https:\/\/www.maibaum.shop\/?page_id=43"},"modified":"2021-05-06T11:08:22","modified_gmt":"2021-05-06T09:08:22","slug":"b2b","status":"publish","type":"page","link":"https:\/\/www.maibaum.shop\/?page_id=43","title":{"rendered":"Unternehmenskunden (B2B)"},"content":{"rendered":"<p>Wenn Sie gr\u00f6\u00dfere Mengen an B\u00e4umen (&gt; 3) ben\u00f6tigten schreiben Sie uns rechtzeitig eine E-Mail. Sie erhalten dann ein Angebot welches auf Sie zugeschnitten ist.<\/p>\n<p>Referenzkunden:<\/p>\n<ul>\n<li>Tanzstudios in K\u00f6ln<\/li>\n<li>Discotheken auf den K\u00f6lner Ringen<\/li>\n<li>Altenheime in K\u00f6ln<\/li>\n<\/ul>\n","protected":false},"excerpt":{"rendered":"<p>Wenn Sie gr\u00f6\u00dfere Mengen an B\u00e4umen (&gt; 3) ben\u00f6tigten schreiben Sie uns rechtzeitig eine E-Mail. Sie erhalten dann ein Angebot welches auf Sie zugeschnitten ist. Referenzkunden: Tanzstudios in K\u00f6ln Discotheken auf den K\u00f6lner Ringen Altenheime in K\u00f6ln<\/p>\n","protected":false},"author":1,"featured_media":0,"parent":0,"menu_order":0,"comment_status":"closed","ping_status":"closed","template":"","meta":{"neve_meta_sidebar":"","neve_meta_container":"","neve_meta_enable_content_width":"","neve_meta_content_width":0,"neve_meta_title_alignment":"","neve_meta_author_avatar":"","neve_post_elements_order":"","neve_meta_disable_header":"","neve_meta_disable_footer":"","neve_meta_disable_title":"","_themeisle_gutenberg_block_has_review":false,"_ti_tpc_template_sync":false,"_ti_tpc_template_id":"","footnotes":""},"class_list":["post-43","page","type-page","status-publish","hentry"],"yoast_head":"<!-- This site is optimized with the Yoast SEO plugin v22.4 - https:\/\/yoast.com\/wordpress\/plugins\/seo\/ -->\n<title>Unternehmenskunden (B2B) - Maibaum.shop<\/title>\n<meta name=\"robots\" content=\"index, follow, max-snippet:-1, max-image-preview:large, max-video-preview:-1\" \/>\n<link rel=\"canonical\" href=\"https:\/\/www.maibaum.shop\/?page_id=43\" \/>\n<meta property=\"og:locale\" content=\"de_DE\" \/>\n<meta property=\"og:type\" content=\"article\" \/>\n<meta property=\"og:title\" content=\"Unternehmenskunden (B2B) - Maibaum.shop\" \/>\n<meta property=\"og:description\" content=\"Wenn Sie gr\u00f6\u00dfere Mengen an B\u00e4umen (&gt; 3) ben\u00f6tigten schreiben Sie uns rechtzeitig eine E-Mail. Sie erhalten dann ein Angebot welches auf Sie zugeschnitten ist. Referenzkunden: Tanzstudios in K\u00f6ln Discotheken auf den K\u00f6lner Ringen Altenheime in K\u00f6ln\" \/>\n<meta property=\"og:url\" content=\"https:\/\/www.maibaum.shop\/?page_id=43\" \/>\n<meta property=\"og:site_name\" content=\"Maibaum.shop\" \/>\n<meta property=\"article:modified_time\" content=\"2021-05-06T09:08:22+00:00\" \/>\n<meta name=\"twitter:card\" content=\"summary_large_image\" \/>\n<script type=\"application\/ld+json\" class=\"yoast-schema-graph\">{\"@context\":\"https:\/\/schema.org\",\"@graph\":[{\"@type\":\"WebPage\",\"@id\":\"https:\/\/www.maibaum.shop\/?page_id=43\",\"url\":\"https:\/\/www.maibaum.shop\/?page_id=43\",\"name\":\"Unternehmenskunden (B2B) - Maibaum.shop\",\"isPartOf\":{\"@id\":\"https:\/\/www.maibaum.shop\/#website\"},\"datePublished\":\"2021-03-27T18:39:26+00:00\",\"dateModified\":\"2021-05-06T09:08:22+00:00\",\"breadcrumb\":{\"@id\":\"https:\/\/www.maibaum.shop\/?page_id=43#breadcrumb\"},\"inLanguage\":\"de\",\"potentialAction\":[{\"@type\":\"ReadAction\",\"target\":[\"https:\/\/www.maibaum.shop\/?page_id=43\"]}]},{\"@type\":\"BreadcrumbList\",\"@id\":\"https:\/\/www.maibaum.shop\/?page_id=43#breadcrumb\",\"itemListElement\":[{\"@type\":\"ListItem\",\"position\":1,\"name\":\"Startseite\",\"item\":\"https:\/\/www.maibaum.shop\/\"},{\"@type\":\"ListItem\",\"position\":2,\"name\":\"Unternehmenskunden (B2B)\"}]},{\"@type\":\"WebSite\",\"@id\":\"https:\/\/www.maibaum.shop\/#website\",\"url\":\"https:\/\/www.maibaum.shop\/\",\"name\":\"Maibaum.shop\",\"description\":\"Maibaum kaufen in K\u00f6ln 2024\",\"publisher\":{\"@id\":\"https:\/\/www.maibaum.shop\/#organization\"},\"potentialAction\":[{\"@type\":\"SearchAction\",\"target\":{\"@type\":\"EntryPoint\",\"urlTemplate\":\"https:\/\/www.maibaum.shop\/?s={search_term_string}\"},\"query-input\":\"required name=search_term_string\"}],\"inLanguage\":\"de\"},{\"@type\":\"Organization\",\"@id\":\"https:\/\/www.maibaum.shop\/#organization\",\"name\":\"Maibaum.shop\",\"url\":\"https:\/\/www.maibaum.shop\/\",\"logo\":{\"@type\":\"ImageObject\",\"inLanguage\":\"de\",\"@id\":\"https:\/\/www.maibaum.shop\/#\/schema\/logo\/image\/\",\"url\":\"https:\/\/www.maibaum.shop\/wp-content\/uploads\/IMGP7043-scaled.jpg\",\"contentUrl\":\"https:\/\/www.maibaum.shop\/wp-content\/uploads\/IMGP7043-scaled.jpg\",\"width\":1920,\"height\":2560,\"caption\":\"Maibaum.shop\"},\"image\":{\"@id\":\"https:\/\/www.maibaum.shop\/#\/schema\/logo\/image\/\"},\"sameAs\":[\"https:\/\/www.instagram.com\/maibaum.shop\/?hl=de\"]}]}<\/script>\n<!-- \/ Yoast SEO plugin. -->","yoast_head_json":{"title":"Unternehmenskunden (B2B) - Maibaum.shop","robots":{"index":"index","follow":"follow","max-snippet":"max-snippet:-1","max-image-preview":"max-image-preview:large","max-video-preview":"max-video-preview:-1"},"canonical":"https:\/\/www.maibaum.shop\/?page_id=43","og_locale":"de_DE","og_type":"article","og_title":"Unternehmenskunden (B2B) - Maibaum.shop","og_description":"Wenn Sie gr\u00f6\u00dfere Mengen an B\u00e4umen (&gt; 3) ben\u00f6tigten schreiben Sie uns rechtzeitig eine E-Mail. Sie erhalten dann ein Angebot welches auf Sie zugeschnitten ist. Referenzkunden: Tanzstudios in K\u00f6ln Discotheken auf den K\u00f6lner Ringen Altenheime in K\u00f6ln","og_url":"https:\/\/www.maibaum.shop\/?page_id=43","og_site_name":"Maibaum.shop","article_modified_time":"2021-05-06T09:08:22+00:00","twitter_card":"summary_large_image","schema":{"@context":"https:\/\/schema.org","@graph":[{"@type":"WebPage","@id":"https:\/\/www.maibaum.shop\/?page_id=43","url":"https:\/\/www.maibaum.shop\/?page_id=43","name":"Unternehmenskunden (B2B) - Maibaum.shop","isPartOf":{"@id":"https:\/\/www.maibaum.shop\/#website"},"datePublished":"2021-03-27T18:39:26+00:00","dateModified":"2021-05-06T09:08:22+00:00","breadcrumb":{"@id":"https:\/\/www.maibaum.shop\/?page_id=43#breadcrumb"},"inLanguage":"de","potentialAction":[{"@type":"ReadAction","target":["https:\/\/www.maibaum.shop\/?page_id=43"]}]},{"@type":"BreadcrumbList","@id":"https:\/\/www.maibaum.shop\/?page_id=43#breadcrumb","itemListElement":[{"@type":"ListItem","position":1,"name":"Startseite","item":"https:\/\/www.maibaum.shop\/"},{"@type":"ListItem","position":2,"name":"Unternehmenskunden (B2B)"}]},{"@type":"WebSite","@id":"https:\/\/www.maibaum.shop\/#website","url":"https:\/\/www.maibaum.shop\/","name":"Maibaum.shop","description":"Maibaum kaufen in K\u00f6ln 2024","publisher":{"@id":"https:\/\/www.maibaum.shop\/#organization"},"potentialAction":[{"@type":"SearchAction","target":{"@type":"EntryPoint","urlTemplate":"https:\/\/www.maibaum.shop\/?s={search_term_string}"},"query-input":"required name=search_term_string"}],"inLanguage":"de"},{"@type":"Organization","@id":"https:\/\/www.maibaum.shop\/#organization","name":"Maibaum.shop","url":"https:\/\/www.maibaum.shop\/","logo":{"@type":"ImageObject","inLanguage":"de","@id":"https:\/\/www.maibaum.shop\/#\/schema\/logo\/image\/","url":"https:\/\/www.maibaum.shop\/wp-content\/uploads\/IMGP7043-scaled.jpg","contentUrl":"https:\/\/www.maibaum.shop\/wp-content\/uploads\/IMGP7043-scaled.jpg","width":1920,"height":2560,"caption":"Maibaum.shop"},"image":{"@id":"https:\/\/www.maibaum.shop\/#\/schema\/logo\/image\/"},"sameAs":["https:\/\/www.instagram.com\/maibaum.shop\/?hl=de"]}]}},"_links":{"self":[{"href":"https:\/\/www.maibaum.shop\/index.php?rest_route=\/wp\/v2\/pages\/43","targetHints":{"allow":["GET"]}}],"collection":[{"href":"https:\/\/www.maibaum.shop\/index.php?rest_route=\/wp\/v2\/pages"}],"about":[{"href":"https:\/\/www.maibaum.shop\/index.php?rest_route=\/wp\/v2\/types\/page"}],"author":[{"embeddable":true,"href":"https:\/\/www.maibaum.shop\/index.php?rest_route=\/wp\/v2\/users\/1"}],"replies":[{"embeddable":true,"href":"https:\/\/www.maibaum.shop\/index.php?rest_route=%2Fwp%2Fv2%2Fcomments&post=43"}],"version-history":[{"count":6,"href":"https:\/\/www.maibaum.shop\/index.php?rest_route=\/wp\/v2\/pages\/43\/revisions"}],"predecessor-version":[{"id":201,"href":"https:\/\/www.maibaum.shop\/index.php?rest_route=\/wp\/v2\/pages\/43\/revisions\/201"}],"wp:attachment":[{"href":"https:\/\/www.maibaum.shop\/index.php?rest_route=%2Fwp%2Fv2%2Fmedia&parent=43"}],"curies":[{"name":"wp","href":"https:\/\/api.w.org\/{rel}","templated":true}]}}