{"id":68,"date":"2021-04-02T19:29:11","date_gmt":"2021-04-02T17:29:11","guid":{"rendered":"https:\/\/www.maibaum.shop\/?page_id=68"},"modified":"2021-04-02T20:14:37","modified_gmt":"2021-04-02T18:14:37","slug":"agb","status":"publish","type":"page","link":"https:\/\/www.maibaum.shop\/?page_id=68","title":{"rendered":"AGB"},"content":{"rendered":"<p>Allgemeine Gesch\u00e4ftsbedingungen<br \/>\n1. Geltungsbereich<\/p>\n<p>F\u00fcr alle Bestellungen \u00fcber unseren Online-Shop durch Verbraucher und Unternehmer gelten die nachfolgenden AGB.<\/p>\n<p>Verbraucher ist jede nat\u00fcrliche Person, die ein Rechtsgesch\u00e4ft zu Zwecken abschlie\u00dft, die \u00fcberwiegend weder ihrer gewerblichen noch ihrer selbst\u00e4ndigen beruflichen T\u00e4tigkeit zugerechnet werden k\u00f6nnen. Unternehmer ist eine nat\u00fcrliche oder juristische Person oder eine rechtsf\u00e4hige Personengesellschaft, die bei Abschluss eines Rechtsgesch\u00e4fts in Aus\u00fcbung ihrer gewerblichen oder selbst\u00e4ndigen beruflichen T\u00e4tigkeit handelt.<\/p>\n<p>Gegen\u00fcber Unternehmern gilt: Verwendet der Unternehmer entgegenstehende oder erg\u00e4nzende Allgemeine Gesch\u00e4ftsbedingungen, wird deren Geltung hiermit widersprochen; sie werden nur dann Vertragsbestandteil, wenn wir dem ausdr\u00fccklich zugestimmt haben.<br \/>\n2. Vertragspartner, Vertragsschluss, Korrekturm\u00f6glichkeiten<\/p>\n<p>Der Kaufvertrag kommt zustande mit maibaum.shop Inhaber Lars Fuchs.<\/p>\n<p>Die Darstellung der Produkte im Online-Shop stellt kein rechtlich bindendes Angebot, sondern einen unverbindlichen Online-Katalog dar. Sie k\u00f6nnen unsere Produkte zun\u00e4chst unverbindlich in den Warenkorb legen und Ihre Eingaben vor Absenden Ihrer verbindlichen Bestellung jederzeit korrigieren, indem Sie die hierf\u00fcr im Bestellablauf vorgesehenen und erl\u00e4uterten Korrekturhilfen nutzen. Durch Anklicken des Bestellbuttons geben Sie eine verbindliche Bestellung der im Warenkorb enthaltenen Waren ab. Die Best\u00e4tigung des Zugangs Ihrer Bestellung erfolgt per E-Mail unmittelbar nach dem Absenden der Bestellung.<\/p>\n<p>Wann der Vertrag mit uns zustande kommt, richtet sich nach der von Ihnen gew\u00e4hlten Zahlungsart:<\/p>\n<p>PayPal Plus<br \/>\nIm Rahmen des Zahlungsdienstes PayPal Plus bieten wir Ihnen verschiedene Zahlungsmethoden als PayPal Services an. Nach Abgabe der Bestellung werden Sie auf die Webseite des Online-Anbieters PayPal weitergeleitet. Dort k\u00f6nnen Sie Ihre Zahlungsdaten angeben und die Zahlungsanweisung an PayPal best\u00e4tigen. Dadurch kommt der Vertrag mit uns zustande.<\/p>\n<p>Barzahlung bei Abholung<br \/>\nWir nehmen Ihre Bestellung durch Versand einer Annahmeerkl\u00e4rung in separater E-Mail innerhalb von zwei Tagen an.<br \/>\n3. Vertragssprache, Vertragstextspeicherung<\/p>\n<p>Die f\u00fcr den Vertragsschluss zur Verf\u00fcgung stehende(n) Sprache(n): Deutsch<\/p>\n<p>Wir speichern den Vertragstext und senden Ihnen die Bestelldaten und unsere AGB in Textform zu. Der Vertragstext ist aus Sicherheitsgr\u00fcnden nicht mehr \u00fcber das Internet zug\u00e4nglich.<br \/>\n4. Lieferbedingungen<\/p>\n<p>Wir liefern innerhalb Deutschlands versandkostenfrei.<\/p>\n<p>Wir liefern nur im Versandweg. Eine Selbstabholung der Ware ist leider nicht m\u00f6glich.<\/p>\n<p>Wir liefern nicht an Packstationen.<br \/>\n5. Bezahlung<\/p>\n<p>In unserem Shop stehen Ihnen grunds\u00e4tzlich die folgenden Zahlungsarten zur Verf\u00fcgung:<\/p>\n<p>PayPal Plus<br \/>\nIm Rahmen des Zahlungsdienstes PayPal Plus bieten wir Ihnen verschiedene Zahlungsmethoden als PayPal Services an. Sie werden auf die Webseite des Online-Anbieters PayPal weitergeleitet. Dort k\u00f6nnen Sie Ihre Zahlungsdaten angeben, die Verwendung Ihrer Daten durch PayPal und die Zahlungsanweisung an PayPal best\u00e4tigen.<\/p>\n<p>Wenn Sie die Zahlungsart PayPal gew\u00e4hlt haben, m\u00fcssen Sie, um den Rechnungsbetrag bezahlen zu k\u00f6nnen, dort registriert sein bzw. sich erst registrieren und mit Ihren Zugangsdaten legitimieren. Die Zahlungstransaktion wird von PayPal unmittelbar nach Best\u00e4tigung der Zahlungsanweisung automatisch durchgef\u00fchrt. Weitere Hinweise erhalten Sie beim Bestellvorgang.<\/p>\n<p>Kreditkarte \u00fcber PayPal<br \/>\nWenn Sie die Zahlungsart Kreditkarte gew\u00e4hlt haben, m\u00fcssen Sie, um den Rechnungsbetrag bezahlen zu k\u00f6nnen, bei PayPal nicht registriert sein. Die Zahlungstransaktion wird unmittelbar nach Best\u00e4tigung der Zahlungsanweisung und nach Ihrer Legitimation als rechtm\u00e4\u00dfiger Karteninhaber von Ihrem Kreditkartenunternehmen auf Aufforderung von PayPal durchgef\u00fchrt und Ihre Karte belastet. Weitere Hinweise erhalten Sie beim Bestellvorgang.<\/p>\n<p>Lastschrift via PayPal<br \/>\nWenn Sie die Zahlungsart Lastschrift gew\u00e4hlt haben, m\u00fcssen Sie, um den Rechnungsbetrag bezahlen zu k\u00f6nnen, bei PayPal nicht registriert sein. Mit Best\u00e4tigung der Zahlungsanweisung erteilen Sie PayPal ein Lastschriftmandat. \u00dcber das Datum der Kontobelastung werden Sie von PayPal informiert (sog. Prenotification). Unter Einreichung des Lastschriftmandats unmittelbar nach Best\u00e4tigung der Zahlungsanweisung fordert PayPal seine Bank zur Einleitung der Zahlungstransaktion auf. Die Zahlungstransaktion wird durchgef\u00fchrt und Ihr Konto belastet. Weitere Hinweise erhalten Sie beim Bestellvorgang.<\/p>\n<p>Rechnung via PayPal<br \/>\nWenn Sie die Zahlungsart Rechnung gew\u00e4hlt haben, m\u00fcssen Sie, um den Rechnungsbetrag bezahlen zu k\u00f6nnen, bei PayPal nicht registriert sein. Nach erfolgreicher Adress- und Bonit\u00e4tspr\u00fcfung und Abgabe der Bestellung treten wir unsere Forderung an PayPal ab. Sie k\u00f6nnen in diesem Fall nur an PayPal mit schuldbefreiender Wirkung leisten. F\u00fcr die Zahlungsabwicklung \u00fcber PayPal gelten \u2013 erg\u00e4nzend zu unseren AGB \u2013 die AGB und die Datenschutzerkl\u00e4rung von PayPal. Weitere Informationen und die vollst\u00e4ndigen AGB von PayPal zum Rechnungskauf finden Sie hier.<\/p>\n<p>Barzahlung bei Abholung<br \/>\nSie zahlen den Rechnungsbetrag bei der Abholung bar.<br \/>\n6. Widerrufsrecht<\/p>\n<p>Verbrauchern steht das gesetzliche Widerrufsrecht, wie in der Widerrufsbelehrung beschrieben, zu. Unternehmern wird kein freiwilliges Widerrufsrecht einger\u00e4umt.<br \/>\n7. Eigentumsvorbehalt<\/p>\n<p>Die Ware bleibt bis zur vollst\u00e4ndigen Bezahlung unser Eigentum.<br \/>\nF\u00fcr Unternehmer gilt erg\u00e4nzend: Wir behalten uns das Eigentum an der Ware bis zur vollst\u00e4ndigen Begleichung aller Forderungen aus einer laufenden Gesch\u00e4ftsbeziehung vor. Sie d\u00fcrfen die Vorbehaltsware im ordentlichen Gesch\u00e4ftsbetrieb weiterver\u00e4u\u00dfern; s\u00e4mtliche aus diesem Weiterverkauf entstehenden Forderungen treten Sie \u2013 unabh\u00e4ngig von einer Verbindung oder Vermischung der Vorbehaltsware mit einer neuen Sache &#8211; in H\u00f6he des Rechnungsbetrages an uns im Voraus ab, und wir nehmen diese Abtretung an. Sie bleiben zur Einziehung der Forderungen erm\u00e4chtigt, wir d\u00fcrfen Forderungen jedoch auch selbst einziehen, soweit Sie Ihren Zahlungsverpflichtungen nicht nachkommen.<br \/>\n8. Transportsch\u00e4den<\/p>\n<p>F\u00fcr Verbraucher gilt: Werden Waren mit offensichtlichen Transportsch\u00e4den angeliefert, so reklamieren Sie solche Fehler bitte m\u00f6glichst sofort beim Zusteller und nehmen Sie bitte unverz\u00fcglich Kontakt zu uns auf. Die Vers\u00e4umung einer Reklamation oder Kontaktaufnahme hat f\u00fcr Ihre gesetzlichen Anspr\u00fcche und deren Durchsetzung, insbesondere Ihre Gew\u00e4hrleistungsrechte, keinerlei Konsequenzen. Sie helfen uns aber, unsere eigenen Anspr\u00fcche gegen\u00fcber dem Frachtf\u00fchrer bzw. der Transportversicherung geltend machen zu k\u00f6nnen.<\/p>\n<p>F\u00fcr Unternehmer gilt: Die Gefahr des zuf\u00e4lligen Untergangs und der zuf\u00e4lligen Verschlechterung geht auf Sie \u00fcber, sobald wir die Sache dem Spediteur, dem Frachtf\u00fchrer oder der sonst zur Ausf\u00fchrung der Versendung bestimmten Person oder Anstalt ausgeliefert haben. Unter Kaufleuten gilt die in \u00a7 377 HGB geregelte Untersuchungs- und R\u00fcgepflicht. Unterlassen Sie die dort geregelte Anzeige, so gilt die Ware als genehmigt, es sei denn, dass es sich um einen Mangel handelt, der bei der Untersuchung nicht erkennbar war. Dies gilt nicht, falls wir einen Mangel arglistig verschwiegen haben.<br \/>\n9. Gew\u00e4hrleistung und Garantien<\/p>\n<p>Soweit nicht nachstehend ausdr\u00fccklich anders vereinbart, gilt das gesetzliche M\u00e4ngelhaftungsrecht.<br \/>\nBeim Kauf gebrauchter Waren durch Verbraucher gilt: wenn der Mangel nach Ablauf eines Jahres ab Ablieferung der Ware auftritt, sind die M\u00e4ngelanspr\u00fcche ausgeschlossen. M\u00e4ngel, die innerhalb eines Jahres ab Ablieferung der Ware auftreten, k\u00f6nnen im Rahmen der gesetzlichen Verj\u00e4hrungsfrist von zwei Jahren ab Ablieferung der Ware geltend gemacht werden.<br \/>\nF\u00fcr Unternehmer betr\u00e4gt die Verj\u00e4hrungsfrist f\u00fcr M\u00e4ngelanspr\u00fcche bei neu hergestellten Sachen ein Jahr ab Gefahr\u00fcbergang. Der Verkauf gebrauchter Waren erfolgt unter Ausschluss jeglicher Gew\u00e4hrleistung. Die gesetzlichen Verj\u00e4hrungsfristen f\u00fcr den R\u00fcckgriffsanspruch nach \u00a7 445a BGB bleiben unber\u00fchrt.<br \/>\nGegen\u00fcber Unternehmern gelten als Vereinbarung \u00fcber die Beschaffenheit der Ware nur unsere eigenen Angaben und die Produktbeschreibungen des Herstellers, die in den Vertrag einbezogen wurden; f\u00fcr \u00f6ffentliche \u00c4u\u00dferungen des Herstellers oder sonstige Werbeaussagen \u00fcbernehmen wir keine Haftung.<br \/>\nIst die gelieferte Sache mangelhaft, leisten wir gegen\u00fcber Unternehmern zun\u00e4chst nach unserer Wahl Gew\u00e4hr durch Beseitigung des Mangels (Nachbesserung) oder durch Lieferung einer mangelfreien Sache (Ersatzlieferung).<br \/>\nDie vorstehenden Einschr\u00e4nkungen und Fristverk\u00fcrzungen gelten nicht f\u00fcr Anspr\u00fcche aufgrund von Sch\u00e4den, die durch uns, unsere gesetzlichen Vertreter oder Erf\u00fcllungsgehilfen verursacht wurden<br \/>\n\u2022 bei Verletzung des Lebens, des K\u00f6rpers oder der Gesundheit<br \/>\n\u2022 bei vors\u00e4tzlicher oder grob fahrl\u00e4ssiger Pflichtverletzung sowie Arglist<br \/>\n\u2022 bei Verletzung wesentlicher Vertragspflichten, deren Erf\u00fcllung die ordnungsgem\u00e4\u00dfe Durchf\u00fchrung des Vertrages \u00fcberhaupt erst erm\u00f6glicht und auf deren Einhaltung der Vertragspartner regelm\u00e4\u00dfig vertrauen darf (Kardinalpflichten)<br \/>\n\u2022 im Rahmen eines Garantieversprechens, soweit vereinbart, oder<br \/>\n\u2022 soweit der Anwendungsbereich des Produkthaftungsgesetzes er\u00f6ffnet ist.<br \/>\nInformationen zu gegebenenfalls geltenden zus\u00e4tzlichen Garantien und deren genaue Bedingungen finden Sie jeweils beim Produkt und auf besonderen Informationsseiten im Online-Shop.<br \/>\n10. Haftung<\/p>\n<p>F\u00fcr Anspr\u00fcche aufgrund von Sch\u00e4den, die durch uns, unsere gesetzlichen Vertreter oder Erf\u00fcllungsgehilfen verursacht wurden, haften wir stets unbeschr\u00e4nkt<br \/>\n\u2022 bei Verletzung des Lebens, des K\u00f6rpers oder der Gesundheit<br \/>\n\u2022 bei vors\u00e4tzlicher oder grob fahrl\u00e4ssiger Pflichtverletzung<br \/>\n\u2022 bei Garantieversprechen, soweit vereinbart, oder<br \/>\n\u2022 soweit der Anwendungsbereich des Produkthaftungsgesetzes er\u00f6ffnet ist.<br \/>\nBei Verletzung wesentlicher Vertragspflichten, deren Erf\u00fcllung die ordnungsgem\u00e4\u00dfe Durchf\u00fchrung des Vertrages \u00fcberhaupt erst erm\u00f6glicht und auf deren Einhaltung der Vertragspartner regelm\u00e4\u00dfig vertrauen darf, (Kardinalpflichten) durch leichte Fahrl\u00e4ssigkeit von uns, unseren gesetzlichen Vertretern oder Erf\u00fcllungsgehilfen ist die Haftung der H\u00f6he nach auf den bei Vertragsschluss vorhersehbaren Schaden begrenzt, mit dessen Entstehung typischerweise gerechnet werden muss.<br \/>\nIm \u00dcbrigen sind Anspr\u00fcche auf Schadensersatz ausgeschlossen.<br \/>\n11. Streitbeilegung<\/p>\n<p>Die Europ\u00e4ische Kommission stellt eine Plattform zur Online-Streitbeilegung (OS) bereit, die Sie hier finden. Zur Teilnahme an einem Streitbeilegungsverfahren vor einer Verbraucherschlichtungsstelle sind wir nicht verpflichtet und nicht bereit.<br \/>\n12. Schlussbestimmungen<\/p>\n<p>Sind Sie Unternehmer, dann gilt deutsches Recht unter Ausschluss des UN-Kaufrechts.<\/p>\n<p>AGB erstellt mit rechtstexter.de.<\/p>\n","protected":false},"excerpt":{"rendered":"<p>Allgemeine Gesch\u00e4ftsbedingungen 1. Geltungsbereich F\u00fcr alle Bestellungen \u00fcber unseren Online-Shop durch Verbraucher und Unternehmer gelten die nachfolgenden AGB. Verbraucher ist jede nat\u00fcrliche Person, die ein Rechtsgesch\u00e4ft zu Zwecken abschlie\u00dft, die \u00fcberwiegend weder ihrer gewerblichen noch ihrer selbst\u00e4ndigen beruflichen T\u00e4tigkeit zugerechnet werden k\u00f6nnen. Unternehmer ist eine nat\u00fcrliche oder juristische Person oder eine rechtsf\u00e4hige Personengesellschaft, die bei&hellip;&nbsp;<a href=\"https:\/\/www.maibaum.shop\/?page_id=68\" class=\"\" rel=\"bookmark\">Weiterlesen &raquo;<span class=\"screen-reader-text\">AGB<\/span><\/a><\/p>\n","protected":false},"author":1,"featured_media":0,"parent":0,"menu_order":0,"comment_status":"closed","ping_status":"closed","template":"","meta":{"neve_meta_sidebar":"","neve_meta_container":"","neve_meta_enable_content_width":"","neve_meta_content_width":0,"neve_meta_title_alignment":"","neve_meta_author_avatar":"","neve_post_elements_order":"","neve_meta_disable_header":"","neve_meta_disable_footer":"","neve_meta_disable_title":"","_themeisle_gutenberg_block_has_review":false,"_ti_tpc_template_sync":false,"_ti_tpc_template_id":"","footnotes":""},"class_list":["post-68","page","type-page","status-publish","hentry"],"yoast_head":"<!-- This site is optimized with the Yoast SEO plugin v22.4 - https:\/\/yoast.com\/wordpress\/plugins\/seo\/ -->\n<title>AGB - Maibaum.shop<\/title>\n<meta name=\"robots\" content=\"index, follow, max-snippet:-1, max-image-preview:large, max-video-preview:-1\" \/>\n<link rel=\"canonical\" href=\"https:\/\/www.maibaum.shop\/?page_id=68\" \/>\n<meta property=\"og:locale\" content=\"de_DE\" \/>\n<meta property=\"og:type\" content=\"article\" \/>\n<meta property=\"og:title\" content=\"AGB - Maibaum.shop\" \/>\n<meta property=\"og:description\" content=\"Allgemeine Gesch\u00e4ftsbedingungen 1. Geltungsbereich F\u00fcr alle Bestellungen \u00fcber unseren Online-Shop durch Verbraucher und Unternehmer gelten die nachfolgenden AGB. Verbraucher ist jede nat\u00fcrliche Person, die ein Rechtsgesch\u00e4ft zu Zwecken abschlie\u00dft, die \u00fcberwiegend weder ihrer gewerblichen noch ihrer selbst\u00e4ndigen beruflichen T\u00e4tigkeit zugerechnet werden k\u00f6nnen. Unternehmer ist eine nat\u00fcrliche oder juristische Person oder eine rechtsf\u00e4hige Personengesellschaft, die bei&hellip;&nbsp;Weiterlesen &raquo;AGB\" \/>\n<meta property=\"og:url\" content=\"https:\/\/www.maibaum.shop\/?page_id=68\" \/>\n<meta property=\"og:site_name\" content=\"Maibaum.shop\" \/>\n<meta property=\"article:modified_time\" content=\"2021-04-02T18:14:37+00:00\" \/>\n<meta name=\"twitter:card\" content=\"summary_large_image\" \/>\n<meta name=\"twitter:label1\" content=\"Gesch\u00e4tzte Lesezeit\" \/>\n\t<meta name=\"twitter:data1\" content=\"7\u00a0Minuten\" \/>\n<script type=\"application\/ld+json\" class=\"yoast-schema-graph\">{\"@context\":\"https:\/\/schema.org\",\"@graph\":[{\"@type\":\"WebPage\",\"@id\":\"https:\/\/www.maibaum.shop\/?page_id=68\",\"url\":\"https:\/\/www.maibaum.shop\/?page_id=68\",\"name\":\"AGB - Maibaum.shop\",\"isPartOf\":{\"@id\":\"https:\/\/www.maibaum.shop\/#website\"},\"datePublished\":\"2021-04-02T17:29:11+00:00\",\"dateModified\":\"2021-04-02T18:14:37+00:00\",\"breadcrumb\":{\"@id\":\"https:\/\/www.maibaum.shop\/?page_id=68#breadcrumb\"},\"inLanguage\":\"de\",\"potentialAction\":[{\"@type\":\"ReadAction\",\"target\":[\"https:\/\/www.maibaum.shop\/?page_id=68\"]}]},{\"@type\":\"BreadcrumbList\",\"@id\":\"https:\/\/www.maibaum.shop\/?page_id=68#breadcrumb\",\"itemListElement\":[{\"@type\":\"ListItem\",\"position\":1,\"name\":\"Startseite\",\"item\":\"https:\/\/www.maibaum.shop\/\"},{\"@type\":\"ListItem\",\"position\":2,\"name\":\"AGB\"}]},{\"@type\":\"WebSite\",\"@id\":\"https:\/\/www.maibaum.shop\/#website\",\"url\":\"https:\/\/www.maibaum.shop\/\",\"name\":\"Maibaum.shop\",\"description\":\"Maibaum kaufen in K\u00f6ln 2024\",\"publisher\":{\"@id\":\"https:\/\/www.maibaum.shop\/#organization\"},\"potentialAction\":[{\"@type\":\"SearchAction\",\"target\":{\"@type\":\"EntryPoint\",\"urlTemplate\":\"https:\/\/www.maibaum.shop\/?s={search_term_string}\"},\"query-input\":\"required name=search_term_string\"}],\"inLanguage\":\"de\"},{\"@type\":\"Organization\",\"@id\":\"https:\/\/www.maibaum.shop\/#organization\",\"name\":\"Maibaum.shop\",\"url\":\"https:\/\/www.maibaum.shop\/\",\"logo\":{\"@type\":\"ImageObject\",\"inLanguage\":\"de\",\"@id\":\"https:\/\/www.maibaum.shop\/#\/schema\/logo\/image\/\",\"url\":\"https:\/\/www.maibaum.shop\/wp-content\/uploads\/IMGP7043-scaled.jpg\",\"contentUrl\":\"https:\/\/www.maibaum.shop\/wp-content\/uploads\/IMGP7043-scaled.jpg\",\"width\":1920,\"height\":2560,\"caption\":\"Maibaum.shop\"},\"image\":{\"@id\":\"https:\/\/www.maibaum.shop\/#\/schema\/logo\/image\/\"},\"sameAs\":[\"https:\/\/www.instagram.com\/maibaum.shop\/?hl=de\"]}]}<\/script>\n<!-- \/ Yoast SEO plugin. -->","yoast_head_json":{"title":"AGB - Maibaum.shop","robots":{"index":"index","follow":"follow","max-snippet":"max-snippet:-1","max-image-preview":"max-image-preview:large","max-video-preview":"max-video-preview:-1"},"canonical":"https:\/\/www.maibaum.shop\/?page_id=68","og_locale":"de_DE","og_type":"article","og_title":"AGB - Maibaum.shop","og_description":"Allgemeine Gesch\u00e4ftsbedingungen 1. Geltungsbereich F\u00fcr alle Bestellungen \u00fcber unseren Online-Shop durch Verbraucher und Unternehmer gelten die nachfolgenden AGB. Verbraucher ist jede nat\u00fcrliche Person, die ein Rechtsgesch\u00e4ft zu Zwecken abschlie\u00dft, die \u00fcberwiegend weder ihrer gewerblichen noch ihrer selbst\u00e4ndigen beruflichen T\u00e4tigkeit zugerechnet werden k\u00f6nnen. Unternehmer ist eine nat\u00fcrliche oder juristische Person oder eine rechtsf\u00e4hige Personengesellschaft, die bei&hellip;&nbsp;Weiterlesen &raquo;AGB","og_url":"https:\/\/www.maibaum.shop\/?page_id=68","og_site_name":"Maibaum.shop","article_modified_time":"2021-04-02T18:14:37+00:00","twitter_card":"summary_large_image","twitter_misc":{"Gesch\u00e4tzte Lesezeit":"7\u00a0Minuten"},"schema":{"@context":"https:\/\/schema.org","@graph":[{"@type":"WebPage","@id":"https:\/\/www.maibaum.shop\/?page_id=68","url":"https:\/\/www.maibaum.shop\/?page_id=68","name":"AGB - Maibaum.shop","isPartOf":{"@id":"https:\/\/www.maibaum.shop\/#website"},"datePublished":"2021-04-02T17:29:11+00:00","dateModified":"2021-04-02T18:14:37+00:00","breadcrumb":{"@id":"https:\/\/www.maibaum.shop\/?page_id=68#breadcrumb"},"inLanguage":"de","potentialAction":[{"@type":"ReadAction","target":["https:\/\/www.maibaum.shop\/?page_id=68"]}]},{"@type":"BreadcrumbList","@id":"https:\/\/www.maibaum.shop\/?page_id=68#breadcrumb","itemListElement":[{"@type":"ListItem","position":1,"name":"Startseite","item":"https:\/\/www.maibaum.shop\/"},{"@type":"ListItem","position":2,"name":"AGB"}]},{"@type":"WebSite","@id":"https:\/\/www.maibaum.shop\/#website","url":"https:\/\/www.maibaum.shop\/","name":"Maibaum.shop","description":"Maibaum kaufen in K\u00f6ln 2024","publisher":{"@id":"https:\/\/www.maibaum.shop\/#organization"},"potentialAction":[{"@type":"SearchAction","target":{"@type":"EntryPoint","urlTemplate":"https:\/\/www.maibaum.shop\/?s={search_term_string}"},"query-input":"required name=search_term_string"}],"inLanguage":"de"},{"@type":"Organization","@id":"https:\/\/www.maibaum.shop\/#organization","name":"Maibaum.shop","url":"https:\/\/www.maibaum.shop\/","logo":{"@type":"ImageObject","inLanguage":"de","@id":"https:\/\/www.maibaum.shop\/#\/schema\/logo\/image\/","url":"https:\/\/www.maibaum.shop\/wp-content\/uploads\/IMGP7043-scaled.jpg","contentUrl":"https:\/\/www.maibaum.shop\/wp-content\/uploads\/IMGP7043-scaled.jpg","width":1920,"height":2560,"caption":"Maibaum.shop"},"image":{"@id":"https:\/\/www.maibaum.shop\/#\/schema\/logo\/image\/"},"sameAs":["https:\/\/www.instagram.com\/maibaum.shop\/?hl=de"]}]}},"_links":{"self":[{"href":"https:\/\/www.maibaum.shop\/index.php?rest_route=\/wp\/v2\/pages\/68","targetHints":{"allow":["GET"]}}],"collection":[{"href":"https:\/\/www.maibaum.shop\/index.php?rest_route=\/wp\/v2\/pages"}],"about":[{"href":"https:\/\/www.maibaum.shop\/index.php?rest_route=\/wp\/v2\/types\/page"}],"author":[{"embeddable":true,"href":"https:\/\/www.maibaum.shop\/index.php?rest_route=\/wp\/v2\/users\/1"}],"replies":[{"embeddable":true,"href":"https:\/\/www.maibaum.shop\/index.php?rest_route=%2Fwp%2Fv2%2Fcomments&post=68"}],"version-history":[{"count":1,"href":"https:\/\/www.maibaum.shop\/index.php?rest_route=\/wp\/v2\/pages\/68\/revisions"}],"predecessor-version":[{"id":77,"href":"https:\/\/www.maibaum.shop\/index.php?rest_route=\/wp\/v2\/pages\/68\/revisions\/77"}],"wp:attachment":[{"href":"https:\/\/www.maibaum.shop\/index.php?rest_route=%2Fwp%2Fv2%2Fmedia&parent=68"}],"curies":[{"name":"wp","href":"https:\/\/api.w.org\/{rel}","templated":true}]}}