{"id":18,"date":"2021-03-26T16:27:43","date_gmt":"2021-03-26T15:27:43","guid":{"rendered":"https:\/\/www.maibaum.shop\/?post_type=product&#038;p=18"},"modified":"2026-04-16T14:58:42","modified_gmt":"2026-04-16T12:58:42","slug":"maibaum","status":"publish","type":"product","link":"https:\/\/www.maibaum.shop\/?product=maibaum","title":{"rendered":"Maibaum"},"content":{"rendered":"<p>(Symbolfoto)<br \/>\nDer Maibaum wird am 30.04 Vormittags frisch f\u00fcr euch gef\u00e4llt. Hierdurch habt ihr einen Baum der besonders lange frisch ist.<br \/>\nDie Auslieferung findet am 30.04 ab 14 Uhr statt.<br \/>\nDer Baum wird ungeschm\u00fcckt ausgeliefert, so k\u00f6nnt ihr eurer Kreativit\u00e4t freien Lauf lassen.<br \/>\nBitte gebt eure Handy Nummer an, damit wir euch bescheid geben k\u00f6nnen kurz bevor wir bei euch sind.<br \/>\nHinweise zu eurer Bestellung k\u00f6nnt ihr am Ende hinterlegen.<\/p>\n","protected":false},"excerpt":{"rendered":"<p>(Symbolfoto) Der Maibaum wird am 30.04 Vormittags frisch f\u00fcr euch gef\u00e4llt. Hierdurch habt ihr einen Baum der besonders lange frisch ist. Die Auslieferung findet am 30.04 ab 14 Uhr statt. Der Baum wird ungeschm\u00fcckt ausgeliefert, so k\u00f6nnt ihr eurer Kreativit\u00e4t freien Lauf lassen. Bitte gebt eure Handy Nummer an, damit wir euch bescheid geben k\u00f6nnen&hellip;&nbsp;<a href=\"https:\/\/www.maibaum.shop\/?product=maibaum\" class=\"\" rel=\"bookmark\">Weiterlesen &raquo;<span class=\"screen-reader-text\">Maibaum<\/span><\/a><\/p>\n","protected":false},"featured_media":83,"comment_status":"closed","ping_status":"closed","template":"","meta":{"neve_meta_sidebar":"","neve_meta_container":"","neve_meta_enable_content_width":"off","neve_meta_content_width":100,"neve_meta_title_alignment":"","neve_meta_author_avatar":"","neve_post_elements_order":"","neve_meta_disable_header":"","neve_meta_disable_footer":"","neve_meta_disable_title":"","_themeisle_gutenberg_block_has_review":false,"_ti_tpc_template_sync":false,"_ti_tpc_template_id":""},"product_brand":[],"product_cat":[15],"product_tag":[],"class_list":{"0":"post-18","1":"product","2":"type-product","3":"status-publish","4":"has-post-thumbnail","6":"product_cat-baum","8":"first","9":"instock","10":"taxable","11":"shipping-taxable","12":"purchasable","13":"product-type-variable","14":"has-default-attributes"},"yoast_head":"<!-- This site is optimized with the Yoast SEO plugin v22.4 - https:\/\/yoast.com\/wordpress\/plugins\/seo\/ -->\n<title>Maibaum - Maibaum.shop<\/title>\n<meta name=\"description\" content=\"Bestellen Sie ihren Maibaum f\u00fcr K\u00f6ln. Wir liefern den Baum am 30.04. Gr\u00f6\u00dfe 2 Meter, 3 Meter, 4 Meter und 5 Meter sind Verf\u00fcgbar.\" \/>\n<meta name=\"robots\" content=\"index, follow, max-snippet:-1, max-image-preview:large, max-video-preview:-1\" \/>\n<link rel=\"canonical\" href=\"https:\/\/www.maibaum.shop\/?product=maibaum\" \/>\n<meta property=\"og:locale\" content=\"de_DE\" \/>\n<meta property=\"og:type\" content=\"article\" \/>\n<meta property=\"og:title\" content=\"Maibaum - Maibaum.shop\" \/>\n<meta property=\"og:description\" content=\"Bestellen Sie ihren Maibaum f\u00fcr K\u00f6ln. Wir liefern den Baum am 30.04. Gr\u00f6\u00dfe 2 Meter, 3 Meter, 4 Meter und 5 Meter sind Verf\u00fcgbar.\" \/>\n<meta property=\"og:url\" content=\"https:\/\/www.maibaum.shop\/?product=maibaum\" \/>\n<meta property=\"og:site_name\" content=\"Maibaum.shop\" \/>\n<meta property=\"article:modified_time\" content=\"2026-04-16T12:58:42+00:00\" \/>\n<meta property=\"og:image\" content=\"https:\/\/www.maibaum.shop\/wp-content\/uploads\/IMGP7043-scaled.jpg\" \/>\n\t<meta property=\"og:image:width\" content=\"1920\" \/>\n\t<meta property=\"og:image:height\" content=\"2560\" \/>\n\t<meta property=\"og:image:type\" content=\"image\/jpeg\" \/>\n<meta name=\"twitter:card\" content=\"summary_large_image\" \/>\n<meta name=\"twitter:label1\" content=\"Gesch\u00e4tzte Lesezeit\" \/>\n\t<meta name=\"twitter:data1\" content=\"1\u00a0Minute\" \/>\n<script type=\"application\/ld+json\" class=\"yoast-schema-graph\">{\"@context\":\"https:\/\/schema.org\",\"@graph\":[{\"@type\":\"WebPage\",\"@id\":\"https:\/\/www.maibaum.shop\/?product=maibaum\",\"url\":\"https:\/\/www.maibaum.shop\/?product=maibaum\",\"name\":\"Maibaum - Maibaum.shop\",\"isPartOf\":{\"@id\":\"https:\/\/www.maibaum.shop\/#website\"},\"primaryImageOfPage\":{\"@id\":\"https:\/\/www.maibaum.shop\/?product=maibaum#primaryimage\"},\"image\":{\"@id\":\"https:\/\/www.maibaum.shop\/?product=maibaum#primaryimage\"},\"thumbnailUrl\":\"https:\/\/www.maibaum.shop\/wp-content\/uploads\/IMGP7043-scaled.jpg\",\"datePublished\":\"2021-03-26T15:27:43+00:00\",\"dateModified\":\"2026-04-16T12:58:42+00:00\",\"description\":\"Bestellen Sie ihren Maibaum f\u00fcr K\u00f6ln. Wir liefern den Baum am 30.04. Gr\u00f6\u00dfe 2 Meter, 3 Meter, 4 Meter und 5 Meter sind Verf\u00fcgbar.\",\"breadcrumb\":{\"@id\":\"https:\/\/www.maibaum.shop\/?product=maibaum#breadcrumb\"},\"inLanguage\":\"de\",\"potentialAction\":[{\"@type\":\"ReadAction\",\"target\":[\"https:\/\/www.maibaum.shop\/?product=maibaum\"]}]},{\"@type\":\"ImageObject\",\"inLanguage\":\"de\",\"@id\":\"https:\/\/www.maibaum.shop\/?product=maibaum#primaryimage\",\"url\":\"https:\/\/www.maibaum.shop\/wp-content\/uploads\/IMGP7043-scaled.jpg\",\"contentUrl\":\"https:\/\/www.maibaum.shop\/wp-content\/uploads\/IMGP7043-scaled.jpg\",\"width\":1920,\"height\":2560,\"caption\":\"Symbolbild\"},{\"@type\":\"BreadcrumbList\",\"@id\":\"https:\/\/www.maibaum.shop\/?product=maibaum#breadcrumb\",\"itemListElement\":[{\"@type\":\"ListItem\",\"position\":1,\"name\":\"Startseite\",\"item\":\"https:\/\/www.maibaum.shop\/\"},{\"@type\":\"ListItem\",\"position\":2,\"name\":\"Shop\",\"item\":\"https:\/\/www.maibaum.shop\/?page_id=14\"},{\"@type\":\"ListItem\",\"position\":3,\"name\":\"Maibaum\"}]},{\"@type\":\"WebSite\",\"@id\":\"https:\/\/www.maibaum.shop\/#website\",\"url\":\"https:\/\/www.maibaum.shop\/\",\"name\":\"Maibaum.shop\",\"description\":\"Maibaum kaufen in K\u00f6ln 2024\",\"publisher\":{\"@id\":\"https:\/\/www.maibaum.shop\/#organization\"},\"potentialAction\":[{\"@type\":\"SearchAction\",\"target\":{\"@type\":\"EntryPoint\",\"urlTemplate\":\"https:\/\/www.maibaum.shop\/?s={search_term_string}\"},\"query-input\":\"required name=search_term_string\"}],\"inLanguage\":\"de\"},{\"@type\":\"Organization\",\"@id\":\"https:\/\/www.maibaum.shop\/#organization\",\"name\":\"Maibaum.shop\",\"url\":\"https:\/\/www.maibaum.shop\/\",\"logo\":{\"@type\":\"ImageObject\",\"inLanguage\":\"de\",\"@id\":\"https:\/\/www.maibaum.shop\/#\/schema\/logo\/image\/\",\"url\":\"https:\/\/www.maibaum.shop\/wp-content\/uploads\/IMGP7043-scaled.jpg\",\"contentUrl\":\"https:\/\/www.maibaum.shop\/wp-content\/uploads\/IMGP7043-scaled.jpg\",\"width\":1920,\"height\":2560,\"caption\":\"Maibaum.shop\"},\"image\":{\"@id\":\"https:\/\/www.maibaum.shop\/#\/schema\/logo\/image\/\"},\"sameAs\":[\"https:\/\/www.instagram.com\/maibaum.shop\/?hl=de\"]}]}<\/script>\n<!-- \/ Yoast SEO plugin. -->","yoast_head_json":{"title":"Maibaum - Maibaum.shop","description":"Bestellen Sie ihren Maibaum f\u00fcr K\u00f6ln. Wir liefern den Baum am 30.04. Gr\u00f6\u00dfe 2 Meter, 3 Meter, 4 Meter und 5 Meter sind Verf\u00fcgbar.","robots":{"index":"index","follow":"follow","max-snippet":"max-snippet:-1","max-image-preview":"max-image-preview:large","max-video-preview":"max-video-preview:-1"},"canonical":"https:\/\/www.maibaum.shop\/?product=maibaum","og_locale":"de_DE","og_type":"article","og_title":"Maibaum - Maibaum.shop","og_description":"Bestellen Sie ihren Maibaum f\u00fcr K\u00f6ln. Wir liefern den Baum am 30.04. Gr\u00f6\u00dfe 2 Meter, 3 Meter, 4 Meter und 5 Meter sind Verf\u00fcgbar.","og_url":"https:\/\/www.maibaum.shop\/?product=maibaum","og_site_name":"Maibaum.shop","article_modified_time":"2026-04-16T12:58:42+00:00","og_image":[{"width":1920,"height":2560,"url":"https:\/\/www.maibaum.shop\/wp-content\/uploads\/IMGP7043-scaled.jpg","type":"image\/jpeg"}],"twitter_card":"summary_large_image","twitter_misc":{"Gesch\u00e4tzte Lesezeit":"1\u00a0Minute"},"schema":{"@context":"https:\/\/schema.org","@graph":[{"@type":"WebPage","@id":"https:\/\/www.maibaum.shop\/?product=maibaum","url":"https:\/\/www.maibaum.shop\/?product=maibaum","name":"Maibaum - Maibaum.shop","isPartOf":{"@id":"https:\/\/www.maibaum.shop\/#website"},"primaryImageOfPage":{"@id":"https:\/\/www.maibaum.shop\/?product=maibaum#primaryimage"},"image":{"@id":"https:\/\/www.maibaum.shop\/?product=maibaum#primaryimage"},"thumbnailUrl":"https:\/\/www.maibaum.shop\/wp-content\/uploads\/IMGP7043-scaled.jpg","datePublished":"2021-03-26T15:27:43+00:00","dateModified":"2026-04-16T12:58:42+00:00","description":"Bestellen Sie ihren Maibaum f\u00fcr K\u00f6ln. Wir liefern den Baum am 30.04. Gr\u00f6\u00dfe 2 Meter, 3 Meter, 4 Meter und 5 Meter sind Verf\u00fcgbar.","breadcrumb":{"@id":"https:\/\/www.maibaum.shop\/?product=maibaum#breadcrumb"},"inLanguage":"de","potentialAction":[{"@type":"ReadAction","target":["https:\/\/www.maibaum.shop\/?product=maibaum"]}]},{"@type":"ImageObject","inLanguage":"de","@id":"https:\/\/www.maibaum.shop\/?product=maibaum#primaryimage","url":"https:\/\/www.maibaum.shop\/wp-content\/uploads\/IMGP7043-scaled.jpg","contentUrl":"https:\/\/www.maibaum.shop\/wp-content\/uploads\/IMGP7043-scaled.jpg","width":1920,"height":2560,"caption":"Symbolbild"},{"@type":"BreadcrumbList","@id":"https:\/\/www.maibaum.shop\/?product=maibaum#breadcrumb","itemListElement":[{"@type":"ListItem","position":1,"name":"Startseite","item":"https:\/\/www.maibaum.shop\/"},{"@type":"ListItem","position":2,"name":"Shop","item":"https:\/\/www.maibaum.shop\/?page_id=14"},{"@type":"ListItem","position":3,"name":"Maibaum"}]},{"@type":"WebSite","@id":"https:\/\/www.maibaum.shop\/#website","url":"https:\/\/www.maibaum.shop\/","name":"Maibaum.shop","description":"Maibaum kaufen in K\u00f6ln 2024","publisher":{"@id":"https:\/\/www.maibaum.shop\/#organization"},"potentialAction":[{"@type":"SearchAction","target":{"@type":"EntryPoint","urlTemplate":"https:\/\/www.maibaum.shop\/?s={search_term_string}"},"query-input":"required name=search_term_string"}],"inLanguage":"de"},{"@type":"Organization","@id":"https:\/\/www.maibaum.shop\/#organization","name":"Maibaum.shop","url":"https:\/\/www.maibaum.shop\/","logo":{"@type":"ImageObject","inLanguage":"de","@id":"https:\/\/www.maibaum.shop\/#\/schema\/logo\/image\/","url":"https:\/\/www.maibaum.shop\/wp-content\/uploads\/IMGP7043-scaled.jpg","contentUrl":"https:\/\/www.maibaum.shop\/wp-content\/uploads\/IMGP7043-scaled.jpg","width":1920,"height":2560,"caption":"Maibaum.shop"},"image":{"@id":"https:\/\/www.maibaum.shop\/#\/schema\/logo\/image\/"},"sameAs":["https:\/\/www.instagram.com\/maibaum.shop\/?hl=de"]}]}},"_links":{"self":[{"href":"https:\/\/www.maibaum.shop\/index.php?rest_route=\/wp\/v2\/product\/18","targetHints":{"allow":["GET"]}}],"collection":[{"href":"https:\/\/www.maibaum.shop\/index.php?rest_route=\/wp\/v2\/product"}],"about":[{"href":"https:\/\/www.maibaum.shop\/index.php?rest_route=\/wp\/v2\/types\/product"}],"replies":[{"embeddable":true,"href":"https:\/\/www.maibaum.shop\/index.php?rest_route=%2Fwp%2Fv2%2Fcomments&post=18"}],"wp:featuredmedia":[{"embeddable":true,"href":"https:\/\/www.maibaum.shop\/index.php?rest_route=\/wp\/v2\/media\/83"}],"wp:attachment":[{"href":"https:\/\/www.maibaum.shop\/index.php?rest_route=%2Fwp%2Fv2%2Fmedia&parent=18"}],"wp:term":[{"taxonomy":"product_brand","embeddable":true,"href":"https:\/\/www.maibaum.shop\/index.php?rest_route=%2Fwp%2Fv2%2Fproduct_brand&post=18"},{"taxonomy":"product_cat","embeddable":true,"href":"https:\/\/www.maibaum.shop\/index.php?rest_route=%2Fwp%2Fv2%2Fproduct_cat&post=18"},{"taxonomy":"product_tag","embeddable":true,"href":"https:\/\/www.maibaum.shop\/index.php?rest_route=%2Fwp%2Fv2%2Fproduct_tag&post=18"}],"curies":[{"name":"wp","href":"https:\/\/api.w.org\/{rel}","templated":true}]}}